{"id":1987,"date":"2024-05-27T10:19:02","date_gmt":"2024-05-27T08:19:02","guid":{"rendered":"https:\/\/sites8.digitalya.es\/eleclimsistemas.es\/?page_id=1987"},"modified":"2026-02-26T12:39:32","modified_gmt":"2026-02-26T11:39:32","slug":"contacto","status":"publish","type":"page","link":"https:\/\/eleclimsistemas.es\/contacto\/","title":{"rendered":"Contacto"},"content":{"rendered":"\t\t<div data-elementor-type=\"wp-page\" data-elementor-id=\"1987\" class=\"elementor elementor-1987\" data-elementor-post-type=\"page\">\n\t\t\t\t\t\t<section class=\"elementor-section elementor-top-section elementor-element elementor-element-17ad0622 elementor-section-height-min-height elementor-section-content-middle elementor-section-boxed elementor-section-height-default elementor-section-items-middle\" data-id=\"17ad0622\" data-element_type=\"section\" data-settings=\"{&quot;background_background&quot;:&quot;classic&quot;,&quot;shape_divider_bottom&quot;:&quot;tilt&quot;,&quot;jet_parallax_layout_list&quot;:[]}\">\n\t\t\t\t\t\t\t<div class=\"elementor-background-overlay\"><\/div>\n\t\t\t\t\t\t<div class=\"elementor-shape elementor-shape-bottom\" aria-hidden=\"true\" data-negative=\"false\">\n\t\t\t<svg xmlns=\"http:\/\/www.w3.org\/2000\/svg\" viewBox=\"0 0 1000 100\" preserveAspectRatio=\"none\">\n\t<path class=\"elementor-shape-fill\" d=\"M0,6V0h1000v100L0,6z\"\/>\n<\/svg>\t\t<\/div>\n\t\t\t\t\t<div class=\"elementor-container elementor-column-gap-extended\">\n\t\t\t\t\t<div class=\"elementor-column elementor-col-16 elementor-top-column elementor-element elementor-element-14609aae\" data-id=\"14609aae\" data-element_type=\"column\">\n\t\t\t<div class=\"elementor-widget-wrap\">\n\t\t\t\t\t\t\t<\/div>\n\t\t<\/div>\n\t\t\t\t<div class=\"elementor-column elementor-col-66 elementor-top-column elementor-element elementor-element-6340acb9\" data-id=\"6340acb9\" data-element_type=\"column\">\n\t\t\t<div class=\"elementor-widget-wrap elementor-element-populated\">\n\t\t\t\t\t\t<div class=\"elementor-element elementor-element-5ec8ed4f elementor-invisible elementor-widget elementor-widget-heading\" data-id=\"5ec8ed4f\" data-element_type=\"widget\" data-settings=\"{&quot;_animation&quot;:&quot;fadeInDown&quot;}\" data-widget_type=\"heading.default\">\n\t\t\t\t<div class=\"elementor-widget-container\">\n\t\t\t\t\t<h2 class=\"elementor-heading-title elementor-size-default\">Datos de contacto<\/h2>\t\t\t\t<\/div>\n\t\t\t\t<\/div>\n\t\t\t\t<div class=\"elementor-element elementor-element-156d5702 elementor-widget-divider--view-line elementor-invisible elementor-widget elementor-widget-divider\" data-id=\"156d5702\" data-element_type=\"widget\" data-settings=\"{&quot;_animation&quot;:&quot;fadeIn&quot;,&quot;_animation_delay&quot;:&quot;400&quot;}\" data-widget_type=\"divider.default\">\n\t\t\t\t<div class=\"elementor-widget-container\">\n\t\t\t\t\t\t\t<div class=\"elementor-divider\">\n\t\t\t<span class=\"elementor-divider-separator\">\n\t\t\t\t\t\t<\/span>\n\t\t<\/div>\n\t\t\t\t\t\t<\/div>\n\t\t\t\t<\/div>\n\t\t\t\t\t<\/div>\n\t\t<\/div>\n\t\t\t\t<div class=\"elementor-column elementor-col-16 elementor-top-column elementor-element elementor-element-2c850cf8\" data-id=\"2c850cf8\" data-element_type=\"column\">\n\t\t\t<div class=\"elementor-widget-wrap\">\n\t\t\t\t\t\t\t<\/div>\n\t\t<\/div>\n\t\t\t\t\t<\/div>\n\t\t<\/section>\n\t\t\t\t<section class=\"elementor-section elementor-top-section elementor-element elementor-element-65de98b8 elementor-section-content-middle elementor-section-boxed elementor-section-height-default elementor-section-height-default\" data-id=\"65de98b8\" data-element_type=\"section\" data-settings=\"{&quot;jet_parallax_layout_list&quot;:[]}\">\n\t\t\t\t\t\t<div class=\"elementor-container elementor-column-gap-extended\">\n\t\t\t\t\t<div class=\"elementor-column elementor-col-33 elementor-top-column elementor-element elementor-element-2bf409a0\" data-id=\"2bf409a0\" data-element_type=\"column\">\n\t\t\t<div class=\"elementor-widget-wrap elementor-element-populated\">\n\t\t\t\t\t\t<div class=\"elementor-element elementor-element-684fbc49 elementor-widget elementor-widget-google_maps\" data-id=\"684fbc49\" data-element_type=\"widget\" data-widget_type=\"google_maps.default\">\n\t\t\t\t<div class=\"elementor-widget-container\">\n\t\t\t\t\t\t\t<div class=\"elementor-custom-embed\">\n\t\t\t<iframe\n\t\t\t\t\tdata-src=\"https:\/\/maps.google.com\/maps?q=Envato%2C%20australia&#038;t=m&#038;z=17&#038;output=embed&#038;iwloc=near\"\n\t\t\t\t\ttitle=\"Envato, australia\"\n\t\t\t\t\taria-label=\"Envato, australia\"\n\t\t\t src=\"data:image\/svg+xml;base64,PHN2ZyB3aWR0aD0iMSIgaGVpZ2h0PSIxIiB4bWxucz0iaHR0cDovL3d3dy53My5vcmcvMjAwMC9zdmciPjwvc3ZnPg==\" class=\"lazyload\" data-load-mode=\"1\"><\/iframe>\n\t\t<\/div>\n\t\t\t\t\t\t<\/div>\n\t\t\t\t<\/div>\n\t\t\t\t\t<\/div>\n\t\t<\/div>\n\t\t\t\t<div class=\"elementor-column elementor-col-66 elementor-top-column elementor-element elementor-element-1c752fc0\" data-id=\"1c752fc0\" data-element_type=\"column\">\n\t\t\t<div class=\"elementor-widget-wrap elementor-element-populated\">\n\t\t\t\t\t\t<div class=\"elementor-element elementor-element-7105e66a elementor-invisible elementor-widget elementor-widget-heading\" data-id=\"7105e66a\" data-element_type=\"widget\" data-settings=\"{&quot;_animation&quot;:&quot;fadeInUp&quot;,&quot;_animation_delay&quot;:&quot;200&quot;}\" data-widget_type=\"heading.default\">\n\t\t\t\t<div class=\"elementor-widget-container\">\n\t\t\t\t\t<h2 class=\"elementor-heading-title elementor-size-default\">\u00a1Cont\u00e1ctanos hoy mismo!<\/h2>\t\t\t\t<\/div>\n\t\t\t\t<\/div>\n\t\t\t\t<div class=\"elementor-element elementor-element-3b1bfb4b elementor-widget-divider--view-line elementor-invisible elementor-widget elementor-widget-divider\" data-id=\"3b1bfb4b\" data-element_type=\"widget\" data-settings=\"{&quot;_animation&quot;:&quot;fadeIn&quot;,&quot;_animation_delay&quot;:&quot;400&quot;}\" data-widget_type=\"divider.default\">\n\t\t\t\t<div class=\"elementor-widget-container\">\n\t\t\t\t\t\t\t<div class=\"elementor-divider\">\n\t\t\t<span class=\"elementor-divider-separator\">\n\t\t\t\t\t\t<\/span>\n\t\t<\/div>\n\t\t\t\t\t\t<\/div>\n\t\t\t\t<\/div>\n\t\t\t\t<div class=\"elementor-element elementor-element-4d59d768 elementor-widget elementor-widget-text-editor\" data-id=\"4d59d768\" data-element_type=\"widget\" data-widget_type=\"text-editor.default\">\n\t\t\t\t<div class=\"elementor-widget-container\">\n\t\t\t\t\t\t\t\t\t<div class=\"elementor-element elementor-element-9d38929 elementor-widget elementor-widget-text-editor\" data-id=\"9d38929\" data-element_type=\"text-editor.default\"><div class=\"elementor-widget-container\"><div class=\"elementor-text-editor elementor-clearfix\"><p><span style=\"font-weight: 400\">En ELECLIM, estamos aqu\u00ed para ayudarte con todas tus necesidades el\u00e9ctricas, ya sea en tu hogar o en tu negocio. Nos especializamos en trabajar a domicilio, proporcionando soluciones eficientes y de alta calidad directamente en el lugar que necesites.<\/span><\/p><p><span style=\"font-weight: 400\">Si tienes alguna pregunta, necesitas una cotizaci\u00f3n o deseas agendar una cita, no dudes en comunicarte con nosotros. <\/span><\/p><\/div><\/div><\/div>\t\t\t\t\t\t\t\t<\/div>\n\t\t\t\t<\/div>\n\t\t\t\t<div class=\"elementor-element elementor-element-aeceb30 elementor-invisible elementor-widget elementor-widget-heading\" data-id=\"aeceb30\" data-element_type=\"widget\" data-settings=\"{&quot;_animation&quot;:&quot;fadeInUp&quot;,&quot;_animation_delay&quot;:&quot;200&quot;}\" data-widget_type=\"heading.default\">\n\t\t\t\t<div class=\"elementor-widget-container\">\n\t\t\t\t\t<h2 class=\"elementor-heading-title elementor-size-default\">Estaremos encantados de resolver tus dudas y ayudarte a encontrar la mejor soluci\u00f3n para tus proyectos el\u00e9ctricos. <br><br><b>En ELECLIM, tu satisfacci\u00f3n es nuestra prioridad.<\/b><\/h2>\t\t\t\t<\/div>\n\t\t\t\t<\/div>\n\t\t\t\t\t<\/div>\n\t\t<\/div>\n\t\t\t\t\t<\/div>\n\t\t<\/section>\n\t\t\t\t<section class=\"elementor-section elementor-top-section elementor-element elementor-element-5f529e06 elementor-section-boxed elementor-section-height-default elementor-section-height-default\" data-id=\"5f529e06\" data-element_type=\"section\" data-settings=\"{&quot;jet_parallax_layout_list&quot;:[]}\">\n\t\t\t\t\t\t<div class=\"elementor-container elementor-column-gap-extended\">\n\t\t\t\t\t<div class=\"elementor-column elementor-col-33 elementor-top-column elementor-element elementor-element-3b64a098\" data-id=\"3b64a098\" data-element_type=\"column\">\n\t\t\t<div class=\"elementor-widget-wrap elementor-element-populated\">\n\t\t\t\t\t\t<div class=\"elementor-element elementor-element-5e9b45e5 elementor-invisible elementor-widget elementor-widget-text-editor\" data-id=\"5e9b45e5\" data-element_type=\"widget\" data-settings=\"{&quot;_animation&quot;:&quot;fadeInDown&quot;}\" data-widget_type=\"text-editor.default\">\n\t\t\t\t<div class=\"elementor-widget-container\">\n\t\t\t\t\t\t\t\t\t<p>Chatea<\/p>\t\t\t\t\t\t\t\t<\/div>\n\t\t\t\t<\/div>\n\t\t\t\t<div class=\"elementor-element elementor-element-1af334d3 elementor-invisible elementor-widget elementor-widget-heading\" data-id=\"1af334d3\" data-element_type=\"widget\" data-settings=\"{&quot;_animation&quot;:&quot;fadeInUp&quot;,&quot;_animation_delay&quot;:&quot;200&quot;}\" data-widget_type=\"heading.default\">\n\t\t\t\t<div class=\"elementor-widget-container\">\n\t\t\t\t\t<h2 class=\"elementor-heading-title elementor-size-default\">Whatsapp<\/h2>\t\t\t\t<\/div>\n\t\t\t\t<\/div>\n\t\t\t\t<div class=\"elementor-element elementor-element-2434c801 elementor-widget-divider--view-line elementor-invisible elementor-widget elementor-widget-divider\" data-id=\"2434c801\" data-element_type=\"widget\" data-settings=\"{&quot;_animation&quot;:&quot;fadeIn&quot;,&quot;_animation_delay&quot;:&quot;400&quot;}\" data-widget_type=\"divider.default\">\n\t\t\t\t<div class=\"elementor-widget-container\">\n\t\t\t\t\t\t\t<div class=\"elementor-divider\">\n\t\t\t<span class=\"elementor-divider-separator\">\n\t\t\t\t\t\t<\/span>\n\t\t<\/div>\n\t\t\t\t\t\t<\/div>\n\t\t\t\t<\/div>\n\t\t\t\t<div class=\"elementor-element elementor-element-a935054 elementor-widget elementor-widget-text-editor\" data-id=\"a935054\" data-element_type=\"widget\" data-widget_type=\"text-editor.default\">\n\t\t\t\t<div class=\"elementor-widget-container\">\n\t\t\t\t\t\t\t\t\t<p><a href=\"https:\/\/wa.me\/&lt;687535345&gt;\">+34 <span style=\"font-weight: 400\">687 535 345<\/span><\/a><\/p>\t\t\t\t\t\t\t\t<\/div>\n\t\t\t\t<\/div>\n\t\t\t\t\t<\/div>\n\t\t<\/div>\n\t\t\t\t<div class=\"elementor-column elementor-col-33 elementor-top-column elementor-element elementor-element-4c9f75af\" data-id=\"4c9f75af\" data-element_type=\"column\">\n\t\t\t<div class=\"elementor-widget-wrap elementor-element-populated\">\n\t\t\t\t\t\t<div class=\"elementor-element elementor-element-38867c1f elementor-invisible elementor-widget elementor-widget-text-editor\" data-id=\"38867c1f\" data-element_type=\"widget\" data-settings=\"{&quot;_animation&quot;:&quot;fadeInDown&quot;}\" data-widget_type=\"text-editor.default\">\n\t\t\t\t<div class=\"elementor-widget-container\">\n\t\t\t\t\t\t\t\t\t<p>Ll\u00e1manos&nbsp;<\/p>\t\t\t\t\t\t\t\t<\/div>\n\t\t\t\t<\/div>\n\t\t\t\t<div class=\"elementor-element elementor-element-567f023a elementor-invisible elementor-widget elementor-widget-heading\" data-id=\"567f023a\" data-element_type=\"widget\" data-settings=\"{&quot;_animation&quot;:&quot;fadeInUp&quot;,&quot;_animation_delay&quot;:&quot;200&quot;}\" data-widget_type=\"heading.default\">\n\t\t\t\t<div class=\"elementor-widget-container\">\n\t\t\t\t\t<h2 class=\"elementor-heading-title elementor-size-default\">M\u00f3vil<\/h2>\t\t\t\t<\/div>\n\t\t\t\t<\/div>\n\t\t\t\t<div class=\"elementor-element elementor-element-2b82b6d8 elementor-widget-divider--view-line elementor-invisible elementor-widget elementor-widget-divider\" data-id=\"2b82b6d8\" data-element_type=\"widget\" data-settings=\"{&quot;_animation&quot;:&quot;fadeIn&quot;,&quot;_animation_delay&quot;:&quot;400&quot;}\" data-widget_type=\"divider.default\">\n\t\t\t\t<div class=\"elementor-widget-container\">\n\t\t\t\t\t\t\t<div class=\"elementor-divider\">\n\t\t\t<span class=\"elementor-divider-separator\">\n\t\t\t\t\t\t<\/span>\n\t\t<\/div>\n\t\t\t\t\t\t<\/div>\n\t\t\t\t<\/div>\n\t\t\t\t<div class=\"elementor-element elementor-element-4ff3faa5 elementor-widget elementor-widget-text-editor\" data-id=\"4ff3faa5\" data-element_type=\"widget\" data-widget_type=\"text-editor.default\">\n\t\t\t\t<div class=\"elementor-widget-container\">\n\t\t\t\t\t\t\t\t\t<p><a href=\"tel:687535345\"><span style=\"font-weight: 400\">+34 687 535 345<\/span><\/a><\/p>\t\t\t\t\t\t\t\t<\/div>\n\t\t\t\t<\/div>\n\t\t\t\t\t<\/div>\n\t\t<\/div>\n\t\t\t\t<div class=\"elementor-column elementor-col-33 elementor-top-column elementor-element elementor-element-3cd5900f\" data-id=\"3cd5900f\" data-element_type=\"column\">\n\t\t\t<div class=\"elementor-widget-wrap elementor-element-populated\">\n\t\t\t\t\t\t<div class=\"elementor-element elementor-element-16b7e52d elementor-invisible elementor-widget elementor-widget-text-editor\" data-id=\"16b7e52d\" data-element_type=\"widget\" data-settings=\"{&quot;_animation&quot;:&quot;fadeInDown&quot;}\" data-widget_type=\"text-editor.default\">\n\t\t\t\t<div class=\"elementor-widget-container\">\n\t\t\t\t\t\t\t\t\t<p>Escr\u00edbenos<\/p>\t\t\t\t\t\t\t\t<\/div>\n\t\t\t\t<\/div>\n\t\t\t\t<div class=\"elementor-element elementor-element-d05bb0f elementor-invisible elementor-widget elementor-widget-heading\" data-id=\"d05bb0f\" data-element_type=\"widget\" data-settings=\"{&quot;_animation&quot;:&quot;fadeInUp&quot;,&quot;_animation_delay&quot;:&quot;200&quot;}\" data-widget_type=\"heading.default\">\n\t\t\t\t<div class=\"elementor-widget-container\">\n\t\t\t\t\t<h2 class=\"elementor-heading-title elementor-size-default\">Email<\/h2>\t\t\t\t<\/div>\n\t\t\t\t<\/div>\n\t\t\t\t<div class=\"elementor-element elementor-element-79afaabf elementor-widget-divider--view-line elementor-invisible elementor-widget elementor-widget-divider\" data-id=\"79afaabf\" data-element_type=\"widget\" data-settings=\"{&quot;_animation&quot;:&quot;fadeIn&quot;,&quot;_animation_delay&quot;:&quot;400&quot;}\" data-widget_type=\"divider.default\">\n\t\t\t\t<div class=\"elementor-widget-container\">\n\t\t\t\t\t\t\t<div class=\"elementor-divider\">\n\t\t\t<span class=\"elementor-divider-separator\">\n\t\t\t\t\t\t<\/span>\n\t\t<\/div>\n\t\t\t\t\t\t<\/div>\n\t\t\t\t<\/div>\n\t\t\t\t<div class=\"elementor-element elementor-element-38d7c513 elementor-widget elementor-widget-text-editor\" data-id=\"38d7c513\" data-element_type=\"widget\" data-widget_type=\"text-editor.default\">\n\t\t\t\t<div class=\"elementor-widget-container\">\n\t\t\t\t\t\t\t\t\t<p><a href=\"mailto:rafa@eleclim.es\"><span style=\"font-weight: 400\">rafa@eleclim.es<\/span><\/a><\/p>\t\t\t\t\t\t\t\t<\/div>\n\t\t\t\t<\/div>\n\t\t\t\t\t<\/div>\n\t\t<\/div>\n\t\t\t\t\t<\/div>\n\t\t<\/section>\n\t\t\t\t<\/div>\n\t\t","protected":false},"excerpt":{"rendered":"<p>Datos de contacto \u00a1Cont\u00e1ctanos hoy mismo! En ELECLIM, estamos aqu\u00ed para ayudarte con todas tus necesidades el\u00e9ctricas, ya sea en tu hogar o en tu negocio. Nos especializamos en trabajar a domicilio, proporcionando soluciones eficientes y de alta calidad directamente en el lugar que necesites. Si tienes alguna pregunta, necesitas una cotizaci\u00f3n o deseas agendar &#8230; <a title=\"Contacto\" class=\"read-more\" href=\"https:\/\/eleclimsistemas.es\/contacto\/\" aria-label=\"Leer m\u00e1s sobre Contacto\">Leer m\u00e1s<\/a><\/p>\n","protected":false},"author":33,"featured_media":0,"parent":0,"menu_order":0,"comment_status":"closed","ping_status":"closed","template":"elementor_header_footer","meta":{"footnotes":""},"class_list":["post-1987","page","type-page","status-publish"],"yoast_head":"<!-- This site is optimized with the Yoast SEO plugin v24.1 - https:\/\/yoast.com\/wordpress\/plugins\/seo\/ -->\n<title>ELECLIM Sistemas El\u00e9ctricos SL<\/title>\n<meta name=\"description\" content=\"ELECLIM ofrece soluciones el\u00e9ctricas integrales y de alta calidad en Navalcarnero. Especializados en instalaciones, mantenimiento y reformas el\u00e9ctricas para residencias y comercios, garantizamos seguridad y eficiencia en cada proyecto. \u00a1Ll\u00e1manos para m\u00e1s informaci\u00f3n!\" \/>\n<meta name=\"robots\" content=\"index, follow, max-snippet:-1, max-image-preview:large, max-video-preview:-1\" \/>\n<link rel=\"canonical\" href=\"https:\/\/eleclimsistemas.es\/contacto\/\" \/>\n<meta property=\"og:locale\" content=\"es_ES\" \/>\n<meta property=\"og:type\" content=\"article\" \/>\n<meta property=\"og:title\" content=\"ELECLIM Sistemas El\u00e9ctricos SL\" \/>\n<meta property=\"og:description\" content=\"ELECLIM ofrece soluciones el\u00e9ctricas integrales y de alta calidad en Navalcarnero. Especializados en instalaciones, mantenimiento y reformas el\u00e9ctricas para residencias y comercios, garantizamos seguridad y eficiencia en cada proyecto. \u00a1Ll\u00e1manos para m\u00e1s informaci\u00f3n!\" \/>\n<meta property=\"og:url\" content=\"https:\/\/eleclimsistemas.es\/contacto\/\" \/>\n<meta property=\"og:site_name\" content=\"ELECLIM SISTEMAS ELECTRICOS\" \/>\n<meta property=\"article:modified_time\" content=\"2026-02-26T11:39:32+00:00\" \/>\n<meta name=\"twitter:card\" content=\"summary_large_image\" \/>\n<meta name=\"twitter:label1\" content=\"Tiempo de lectura\" \/>\n\t<meta name=\"twitter:data1\" content=\"1 minuto\" \/>\n<script type=\"application\/ld+json\" class=\"yoast-schema-graph\">{\"@context\":\"https:\/\/schema.org\",\"@graph\":[{\"@type\":\"WebPage\",\"@id\":\"https:\/\/eleclimsistemas.es\/contacto\/\",\"url\":\"https:\/\/eleclimsistemas.es\/contacto\/\",\"name\":\"ELECLIM Sistemas El\u00e9ctricos SL\",\"isPartOf\":{\"@id\":\"https:\/\/eleclimsistemas.es\/en\/#website\"},\"datePublished\":\"2024-05-27T08:19:02+00:00\",\"dateModified\":\"2026-02-26T11:39:32+00:00\",\"description\":\"ELECLIM ofrece soluciones el\u00e9ctricas integrales y de alta calidad en Navalcarnero. Especializados en instalaciones, mantenimiento y reformas el\u00e9ctricas para residencias y comercios, garantizamos seguridad y eficiencia en cada proyecto. \u00a1Ll\u00e1manos para m\u00e1s informaci\u00f3n!\",\"breadcrumb\":{\"@id\":\"https:\/\/eleclimsistemas.es\/contacto\/#breadcrumb\"},\"inLanguage\":\"es\",\"potentialAction\":[{\"@type\":\"ReadAction\",\"target\":[\"https:\/\/eleclimsistemas.es\/contacto\/\"]}]},{\"@type\":\"BreadcrumbList\",\"@id\":\"https:\/\/eleclimsistemas.es\/contacto\/#breadcrumb\",\"itemListElement\":[{\"@type\":\"ListItem\",\"position\":1,\"name\":\"Portada\",\"item\":\"https:\/\/eleclimsistemas.es\/\"},{\"@type\":\"ListItem\",\"position\":2,\"name\":\"Contacto\"}]},{\"@type\":\"WebSite\",\"@id\":\"https:\/\/eleclimsistemas.es\/en\/#website\",\"url\":\"https:\/\/eleclimsistemas.es\/en\/\",\"name\":\"ELECLIM SISTEMAS ELECTRICOS\",\"description\":\"\",\"publisher\":{\"@id\":\"https:\/\/eleclimsistemas.es\/en\/#organization\"},\"potentialAction\":[{\"@type\":\"SearchAction\",\"target\":{\"@type\":\"EntryPoint\",\"urlTemplate\":\"https:\/\/eleclimsistemas.es\/en\/?s={search_term_string}\"},\"query-input\":{\"@type\":\"PropertyValueSpecification\",\"valueRequired\":true,\"valueName\":\"search_term_string\"}}],\"inLanguage\":\"es\"},{\"@type\":\"Organization\",\"@id\":\"https:\/\/eleclimsistemas.es\/en\/#organization\",\"name\":\"ELECLIM SISTEMAS ELECTRICOS\",\"url\":\"https:\/\/eleclimsistemas.es\/en\/\",\"logo\":{\"@type\":\"ImageObject\",\"inLanguage\":\"es\",\"@id\":\"https:\/\/eleclimsistemas.es\/en\/#\/schema\/logo\/image\/\",\"url\":\"https:\/\/eleclimsistemas.es\/wp-content\/uploads\/sites\/252\/2024\/06\/ELECLIM-LOGO-AZUL.png\",\"contentUrl\":\"https:\/\/eleclimsistemas.es\/wp-content\/uploads\/sites\/252\/2024\/06\/ELECLIM-LOGO-AZUL.png\",\"width\":1943,\"height\":1469,\"caption\":\"ELECLIM SISTEMAS ELECTRICOS\"},\"image\":{\"@id\":\"https:\/\/eleclimsistemas.es\/en\/#\/schema\/logo\/image\/\"}}]}<\/script>\n<!-- \/ Yoast SEO plugin. -->","yoast_head_json":{"title":"ELECLIM Sistemas El\u00e9ctricos SL","description":"ELECLIM ofrece soluciones el\u00e9ctricas integrales y de alta calidad en Navalcarnero. Especializados en instalaciones, mantenimiento y reformas el\u00e9ctricas para residencias y comercios, garantizamos seguridad y eficiencia en cada proyecto. \u00a1Ll\u00e1manos para m\u00e1s informaci\u00f3n!","robots":{"index":"index","follow":"follow","max-snippet":"max-snippet:-1","max-image-preview":"max-image-preview:large","max-video-preview":"max-video-preview:-1"},"canonical":"https:\/\/eleclimsistemas.es\/contacto\/","og_locale":"es_ES","og_type":"article","og_title":"ELECLIM Sistemas El\u00e9ctricos SL","og_description":"ELECLIM ofrece soluciones el\u00e9ctricas integrales y de alta calidad en Navalcarnero. Especializados en instalaciones, mantenimiento y reformas el\u00e9ctricas para residencias y comercios, garantizamos seguridad y eficiencia en cada proyecto. \u00a1Ll\u00e1manos para m\u00e1s informaci\u00f3n!","og_url":"https:\/\/eleclimsistemas.es\/contacto\/","og_site_name":"ELECLIM SISTEMAS ELECTRICOS","article_modified_time":"2026-02-26T11:39:32+00:00","twitter_card":"summary_large_image","twitter_misc":{"Tiempo de lectura":"1 minuto"},"schema":{"@context":"https:\/\/schema.org","@graph":[{"@type":"WebPage","@id":"https:\/\/eleclimsistemas.es\/contacto\/","url":"https:\/\/eleclimsistemas.es\/contacto\/","name":"ELECLIM Sistemas El\u00e9ctricos SL","isPartOf":{"@id":"https:\/\/eleclimsistemas.es\/en\/#website"},"datePublished":"2024-05-27T08:19:02+00:00","dateModified":"2026-02-26T11:39:32+00:00","description":"ELECLIM ofrece soluciones el\u00e9ctricas integrales y de alta calidad en Navalcarnero. Especializados en instalaciones, mantenimiento y reformas el\u00e9ctricas para residencias y comercios, garantizamos seguridad y eficiencia en cada proyecto. \u00a1Ll\u00e1manos para m\u00e1s informaci\u00f3n!","breadcrumb":{"@id":"https:\/\/eleclimsistemas.es\/contacto\/#breadcrumb"},"inLanguage":"es","potentialAction":[{"@type":"ReadAction","target":["https:\/\/eleclimsistemas.es\/contacto\/"]}]},{"@type":"BreadcrumbList","@id":"https:\/\/eleclimsistemas.es\/contacto\/#breadcrumb","itemListElement":[{"@type":"ListItem","position":1,"name":"Portada","item":"https:\/\/eleclimsistemas.es\/"},{"@type":"ListItem","position":2,"name":"Contacto"}]},{"@type":"WebSite","@id":"https:\/\/eleclimsistemas.es\/en\/#website","url":"https:\/\/eleclimsistemas.es\/en\/","name":"ELECLIM SISTEMAS ELECTRICOS","description":"","publisher":{"@id":"https:\/\/eleclimsistemas.es\/en\/#organization"},"potentialAction":[{"@type":"SearchAction","target":{"@type":"EntryPoint","urlTemplate":"https:\/\/eleclimsistemas.es\/en\/?s={search_term_string}"},"query-input":{"@type":"PropertyValueSpecification","valueRequired":true,"valueName":"search_term_string"}}],"inLanguage":"es"},{"@type":"Organization","@id":"https:\/\/eleclimsistemas.es\/en\/#organization","name":"ELECLIM SISTEMAS ELECTRICOS","url":"https:\/\/eleclimsistemas.es\/en\/","logo":{"@type":"ImageObject","inLanguage":"es","@id":"https:\/\/eleclimsistemas.es\/en\/#\/schema\/logo\/image\/","url":"https:\/\/eleclimsistemas.es\/wp-content\/uploads\/sites\/252\/2024\/06\/ELECLIM-LOGO-AZUL.png","contentUrl":"https:\/\/eleclimsistemas.es\/wp-content\/uploads\/sites\/252\/2024\/06\/ELECLIM-LOGO-AZUL.png","width":1943,"height":1469,"caption":"ELECLIM SISTEMAS ELECTRICOS"},"image":{"@id":"https:\/\/eleclimsistemas.es\/en\/#\/schema\/logo\/image\/"}}]}},"_links":{"self":[{"href":"https:\/\/eleclimsistemas.es\/en\/wp-json\/wp\/v2\/pages\/1987","targetHints":{"allow":["GET"]}}],"collection":[{"href":"https:\/\/eleclimsistemas.es\/en\/wp-json\/wp\/v2\/pages"}],"about":[{"href":"https:\/\/eleclimsistemas.es\/en\/wp-json\/wp\/v2\/types\/page"}],"author":[{"embeddable":true,"href":"https:\/\/eleclimsistemas.es\/en\/wp-json\/wp\/v2\/users\/33"}],"replies":[{"embeddable":true,"href":"https:\/\/eleclimsistemas.es\/en\/wp-json\/wp\/v2\/comments?post=1987"}],"version-history":[{"count":0,"href":"https:\/\/eleclimsistemas.es\/en\/wp-json\/wp\/v2\/pages\/1987\/revisions"}],"wp:attachment":[{"href":"https:\/\/eleclimsistemas.es\/en\/wp-json\/wp\/v2\/media?parent=1987"}],"curies":[{"name":"wp","href":"https:\/\/api.w.org\/{rel}","templated":true}]}}